{"id":581,"date":"2023-05-12T09:00:27","date_gmt":"2023-05-12T09:00:27","guid":{"rendered":"https:\/\/silvia-bucher.ch\/?page_id=581"},"modified":"2026-04-09T08:36:38","modified_gmt":"2026-04-09T08:36:38","slug":"news-events","status":"publish","type":"page","link":"https:\/\/silvia-bucher.ch\/index.php\/news-events\/","title":{"rendered":"News\/Events"},"content":{"rendered":"\t\t<div data-elementor-type=\"wp-page\" data-elementor-id=\"581\" class=\"elementor elementor-581\" data-elementor-post-type=\"page\">\n\t\t\t\t\t\t<section class=\"elementor-section elementor-top-section elementor-element elementor-element-4b6d501 elementor-section-height-min-height elementor-section-stretched elementor-section-items-bottom elementor-section-boxed elementor-section-height-default\" data-id=\"4b6d501\" data-element_type=\"section\" data-e-type=\"section\" data-settings=\"{&quot;stretch_section&quot;:&quot;section-stretched&quot;,&quot;background_background&quot;:&quot;classic&quot;}\">\n\t\t\t\t\t\t\t<div class=\"elementor-background-overlay\"><\/div>\n\t\t\t\t\t\t\t<div class=\"elementor-container elementor-column-gap-default\">\n\t\t\t\t\t<div class=\"elementor-column elementor-col-100 elementor-top-column elementor-element elementor-element-a51bf4a animated-slow elementor-invisible\" data-id=\"a51bf4a\" data-element_type=\"column\" data-e-type=\"column\" data-settings=\"{&quot;animation&quot;:&quot;fadeIn&quot;,&quot;animation_delay&quot;:500}\">\n\t\t\t<div class=\"elementor-widget-wrap elementor-element-populated\">\n\t\t\t\t\t\t<div class=\"elementor-element elementor-element-7d58dcf elementor-widget elementor-widget-heading\" data-id=\"7d58dcf\" data-element_type=\"widget\" data-e-type=\"widget\" data-widget_type=\"heading.default\">\n\t\t\t\t<div class=\"elementor-widget-container\">\n\t\t\t\t\t<h2 class=\"elementor-heading-title elementor-size-default\">Home\n\/\nNews &amp; Events<\/h2>\t\t\t\t<\/div>\n\t\t\t\t<\/div>\n\t\t\t\t<div class=\"elementor-element elementor-element-574ec3d elementor-widget elementor-widget-heading\" data-id=\"574ec3d\" data-element_type=\"widget\" data-e-type=\"widget\" data-widget_type=\"heading.default\">\n\t\t\t\t<div class=\"elementor-widget-container\">\n\t\t\t\t\t<h2 class=\"elementor-heading-title elementor-size-default\">News &amp; Events<\/h2>\t\t\t\t<\/div>\n\t\t\t\t<\/div>\n\t\t\t\t<div class=\"elementor-element elementor-element-cc87e63 elementor-widget elementor-widget-spacer\" data-id=\"cc87e63\" data-element_type=\"widget\" data-e-type=\"widget\" data-widget_type=\"spacer.default\">\n\t\t\t\t<div class=\"elementor-widget-container\">\n\t\t\t\t\t\t\t<div class=\"elementor-spacer\">\n\t\t\t<div class=\"elementor-spacer-inner\"><\/div>\n\t\t<\/div>\n\t\t\t\t\t\t<\/div>\n\t\t\t\t<\/div>\n\t\t\t\t\t<\/div>\n\t\t<\/div>\n\t\t\t\t\t<\/div>\n\t\t<\/section>\n\t\t\t\t<section class=\"elementor-section elementor-top-section elementor-element elementor-element-b0083fd elementor-section-boxed elementor-section-height-default elementor-section-height-default\" data-id=\"b0083fd\" data-element_type=\"section\" data-e-type=\"section\" data-settings=\"{&quot;background_background&quot;:&quot;classic&quot;}\">\n\t\t\t\t\t\t<div class=\"elementor-container elementor-column-gap-extended\">\n\t\t\t\t\t<div class=\"elementor-column elementor-col-50 elementor-top-column elementor-element elementor-element-8f751a4 animated-slow elementor-invisible\" data-id=\"8f751a4\" data-element_type=\"column\" data-e-type=\"column\" data-settings=\"{&quot;animation&quot;:&quot;fadeInLeft&quot;,&quot;animation_delay&quot;:500}\">\n\t\t\t<div class=\"elementor-widget-wrap elementor-element-populated\">\n\t\t\t\t\t\t<div class=\"elementor-element elementor-element-4feda6e elementor-widget elementor-widget-heading\" data-id=\"4feda6e\" data-element_type=\"widget\" data-e-type=\"widget\" data-widget_type=\"heading.default\">\n\t\t\t\t<div class=\"elementor-widget-container\">\n\t\t\t\t\t<h2 class=\"elementor-heading-title elementor-size-default\">News &amp; Events: Die neuesten Nachrichten <br \/>\n<\/h2>\t\t\t\t<\/div>\n\t\t\t\t<\/div>\n\t\t\t\t\t<\/div>\n\t\t<\/div>\n\t\t\t\t<div class=\"elementor-column elementor-col-50 elementor-top-column elementor-element elementor-element-7b78817 animated-slow elementor-invisible\" data-id=\"7b78817\" data-element_type=\"column\" data-e-type=\"column\" data-settings=\"{&quot;animation&quot;:&quot;fadeInRight&quot;,&quot;animation_delay&quot;:500}\">\n\t\t\t<div class=\"elementor-widget-wrap elementor-element-populated\">\n\t\t\t\t\t\t<div class=\"elementor-element elementor-element-209b9c2 elementor-widget__width-initial elementor-widget elementor-widget-heading\" data-id=\"209b9c2\" data-element_type=\"widget\" data-e-type=\"widget\" data-widget_type=\"heading.default\">\n\t\t\t\t<div class=\"elementor-widget-container\">\n\t\t\t\t\t<h2 class=\"elementor-heading-title elementor-size-default\">Aktuelle Veranstaltungen und Neuigkeiten finden Sie hier. Wir halten Sie \u00fcber alle unsere Veranstaltungen und Neuigkeiten auf dem Laufenden.<\/h2>\t\t\t\t<\/div>\n\t\t\t\t<\/div>\n\t\t\t\t\t<\/div>\n\t\t<\/div>\n\t\t\t\t\t<\/div>\n\t\t<\/section>\n\t\t\t\t<section class=\"elementor-section elementor-top-section elementor-element elementor-element-ed285d9 elementor-section-boxed elementor-section-height-default elementor-section-height-default\" data-id=\"ed285d9\" data-element_type=\"section\" data-e-type=\"section\" data-settings=\"{&quot;background_background&quot;:&quot;classic&quot;}\">\n\t\t\t\t\t\t<div class=\"elementor-container elementor-column-gap-default\">\n\t\t\t\t\t<div class=\"elementor-column elementor-col-100 elementor-top-column elementor-element elementor-element-6a4c1d4\" data-id=\"6a4c1d4\" data-element_type=\"column\" data-e-type=\"column\">\n\t\t\t<div class=\"elementor-widget-wrap elementor-element-populated\">\n\t\t\t\t\t\t<div class=\"elementor-element elementor-element-0f721e8 elementor-widget elementor-widget-spacer\" data-id=\"0f721e8\" data-element_type=\"widget\" data-e-type=\"widget\" data-widget_type=\"spacer.default\">\n\t\t\t\t<div class=\"elementor-widget-container\">\n\t\t\t\t\t\t\t<div class=\"elementor-spacer\">\n\t\t\t<div class=\"elementor-spacer-inner\"><\/div>\n\t\t<\/div>\n\t\t\t\t\t\t<\/div>\n\t\t\t\t<\/div>\n\t\t\t\t<div class=\"elementor-element elementor-element-fe95947 elementor-grid-1 elementor-grid-tablet-2 elementor-grid-mobile-1 elementor-posts--thumbnail-top elementor-card-shadow-yes elementor-posts__hover-gradient elementor-widget elementor-widget-posts\" data-id=\"fe95947\" data-element_type=\"widget\" data-e-type=\"widget\" data-settings=\"{&quot;pagination_type&quot;:&quot;load_more_infinite_scroll&quot;,&quot;cards_columns&quot;:&quot;1&quot;,&quot;cards_columns_tablet&quot;:&quot;2&quot;,&quot;cards_columns_mobile&quot;:&quot;1&quot;,&quot;cards_row_gap&quot;:{&quot;unit&quot;:&quot;px&quot;,&quot;size&quot;:35,&quot;sizes&quot;:[]},&quot;cards_row_gap_widescreen&quot;:{&quot;unit&quot;:&quot;px&quot;,&quot;size&quot;:&quot;&quot;,&quot;sizes&quot;:[]},&quot;cards_row_gap_laptop&quot;:{&quot;unit&quot;:&quot;px&quot;,&quot;size&quot;:&quot;&quot;,&quot;sizes&quot;:[]},&quot;cards_row_gap_tablet_extra&quot;:{&quot;unit&quot;:&quot;px&quot;,&quot;size&quot;:&quot;&quot;,&quot;sizes&quot;:[]},&quot;cards_row_gap_tablet&quot;:{&quot;unit&quot;:&quot;px&quot;,&quot;size&quot;:&quot;&quot;,&quot;sizes&quot;:[]},&quot;cards_row_gap_mobile_extra&quot;:{&quot;unit&quot;:&quot;px&quot;,&quot;size&quot;:&quot;&quot;,&quot;sizes&quot;:[]},&quot;cards_row_gap_mobile&quot;:{&quot;unit&quot;:&quot;px&quot;,&quot;size&quot;:&quot;&quot;,&quot;sizes&quot;:[]},&quot;load_more_spinner&quot;:{&quot;value&quot;:&quot;fas fa-spinner&quot;,&quot;library&quot;:&quot;fa-solid&quot;}}\" data-widget_type=\"posts.cards\">\n\t\t\t\t<div class=\"elementor-widget-container\">\n\t\t\t\t\t\t\t<div class=\"elementor-posts-container elementor-posts elementor-posts--skin-cards elementor-grid\" role=\"list\">\n\t\t\t\t<article class=\"elementor-post elementor-grid-item post-1571 post type-post status-publish format-standard has-post-thumbnail hentry category-featured-post category-news\" role=\"listitem\">\n\t\t\t<div class=\"elementor-post__card\">\n\t\t\t\t<a class=\"elementor-post__thumbnail__link\" href=\"https:\/\/silvia-bucher.ch\/index.php\/2026\/04\/09\/zimoun-ausstellung-und-begleitprogramm\/\" tabindex=\"-1\" ><div class=\"elementor-post__thumbnail\"><img fetchpriority=\"high\" decoding=\"async\" width=\"2560\" height=\"1791\" src=\"https:\/\/silvia-bucher.ch\/wp-content\/uploads\/2026\/04\/Flyer-Ortsmuseum-KKS-bis-Sommer-26-1-scaled.jpg\" class=\"attachment-full size-full wp-image-1572\" alt=\"\" srcset=\"https:\/\/silvia-bucher.ch\/wp-content\/uploads\/2026\/04\/Flyer-Ortsmuseum-KKS-bis-Sommer-26-1-scaled.jpg 2560w, https:\/\/silvia-bucher.ch\/wp-content\/uploads\/2026\/04\/Flyer-Ortsmuseum-KKS-bis-Sommer-26-1-300x210.jpg 300w, https:\/\/silvia-bucher.ch\/wp-content\/uploads\/2026\/04\/Flyer-Ortsmuseum-KKS-bis-Sommer-26-1-1024x717.jpg 1024w, https:\/\/silvia-bucher.ch\/wp-content\/uploads\/2026\/04\/Flyer-Ortsmuseum-KKS-bis-Sommer-26-1-768x537.jpg 768w, https:\/\/silvia-bucher.ch\/wp-content\/uploads\/2026\/04\/Flyer-Ortsmuseum-KKS-bis-Sommer-26-1-1536x1075.jpg 1536w, https:\/\/silvia-bucher.ch\/wp-content\/uploads\/2026\/04\/Flyer-Ortsmuseum-KKS-bis-Sommer-26-1-2048x1433.jpg 2048w\" sizes=\"(max-width: 2560px) 100vw, 2560px\" \/><\/div><\/a>\n\t\t\t\t<div class=\"elementor-post__text\">\n\t\t\t\t<h3 class=\"elementor-post__title\">\n\t\t\t<a href=\"https:\/\/silvia-bucher.ch\/index.php\/2026\/04\/09\/zimoun-ausstellung-und-begleitprogramm\/\" >\n\t\t\t\tZIMOUN &#8211; Ausstellung und Begleitprogramm\t\t\t<\/a>\n\t\t<\/h3>\n\t\t\t\t<div class=\"elementor-post__excerpt\">\n\t\t\t<p>Zum ersten Mal ist ein zeitgen\u00f6ssischer K\u00fcnstler im Ortsmuseum R\u00fcschlikon zu Gast. Der Schweizer Installationsund Klangk\u00fcnstler Zimoun bespielt<br \/> drei R\u00e4ume und er\u00f6ffnet neue Perspektiven\t\t<\/div>\n\t\t\t\t\t<div class=\"elementor-post__read-more-wrapper\">\n\t\t\n\t\t<a class=\"elementor-post__read-more\" href=\"https:\/\/silvia-bucher.ch\/index.php\/2026\/04\/09\/zimoun-ausstellung-und-begleitprogramm\/\" aria-label=\"Read more about ZIMOUN &#8211; Ausstellung und Begleitprogramm\" tabindex=\"-1\" >\n\t\t\tLesen Sie mehr\t\t<\/a>\n\n\t\t\t\t\t<\/div>\n\t\t\t\t<\/div>\n\t\t\t\t\t<\/div>\n\t\t<\/article>\n\t\t\t\t<\/div>\n\t\t\t\t\t<span class=\"e-load-more-spinner\">\n\t\t\t\t<i aria-hidden=\"true\" class=\"fas fa-spinner\"><\/i>\t\t\t<\/span>\n\t\t\n\t\t\t\t\t\t<\/div>\n\t\t\t\t<\/div>\n\t\t\t\t<div class=\"elementor-element elementor-element-e0cd129 elementor-widget elementor-widget-spacer\" data-id=\"e0cd129\" data-element_type=\"widget\" data-e-type=\"widget\" data-widget_type=\"spacer.default\">\n\t\t\t\t<div class=\"elementor-widget-container\">\n\t\t\t\t\t\t\t<div class=\"elementor-spacer\">\n\t\t\t<div class=\"elementor-spacer-inner\"><\/div>\n\t\t<\/div>\n\t\t\t\t\t\t<\/div>\n\t\t\t\t<\/div>\n\t\t\t\t<div class=\"elementor-element elementor-element-01ec20f elementor-grid-3 elementor-grid-tablet-2 elementor-grid-mobile-1 elementor-posts--thumbnail-top elementor-card-shadow-yes elementor-posts__hover-gradient elementor-widget elementor-widget-posts\" data-id=\"01ec20f\" data-element_type=\"widget\" data-e-type=\"widget\" data-settings=\"{&quot;pagination_type&quot;:&quot;load_more_infinite_scroll&quot;,&quot;cards_columns&quot;:&quot;3&quot;,&quot;cards_columns_tablet&quot;:&quot;2&quot;,&quot;cards_columns_mobile&quot;:&quot;1&quot;,&quot;cards_row_gap&quot;:{&quot;unit&quot;:&quot;px&quot;,&quot;size&quot;:35,&quot;sizes&quot;:[]},&quot;cards_row_gap_widescreen&quot;:{&quot;unit&quot;:&quot;px&quot;,&quot;size&quot;:&quot;&quot;,&quot;sizes&quot;:[]},&quot;cards_row_gap_laptop&quot;:{&quot;unit&quot;:&quot;px&quot;,&quot;size&quot;:&quot;&quot;,&quot;sizes&quot;:[]},&quot;cards_row_gap_tablet_extra&quot;:{&quot;unit&quot;:&quot;px&quot;,&quot;size&quot;:&quot;&quot;,&quot;sizes&quot;:[]},&quot;cards_row_gap_tablet&quot;:{&quot;unit&quot;:&quot;px&quot;,&quot;size&quot;:&quot;&quot;,&quot;sizes&quot;:[]},&quot;cards_row_gap_mobile_extra&quot;:{&quot;unit&quot;:&quot;px&quot;,&quot;size&quot;:&quot;&quot;,&quot;sizes&quot;:[]},&quot;cards_row_gap_mobile&quot;:{&quot;unit&quot;:&quot;px&quot;,&quot;size&quot;:&quot;&quot;,&quot;sizes&quot;:[]},&quot;load_more_spinner&quot;:{&quot;value&quot;:&quot;fas fa-spinner&quot;,&quot;library&quot;:&quot;fa-solid&quot;}}\" data-widget_type=\"posts.cards\">\n\t\t\t\t<div class=\"elementor-widget-container\">\n\t\t\t\t\t\t\t<div class=\"elementor-posts-container elementor-posts elementor-posts--skin-cards elementor-grid\" role=\"list\">\n\t\t\t\t<article class=\"elementor-post elementor-grid-item post-1307 post type-post status-publish format-standard hentry category-news\" role=\"listitem\">\n\t\t\t<div class=\"elementor-post__card\">\n\t\t\t\t<div class=\"elementor-post__text\">\n\t\t\t\t<h3 class=\"elementor-post__title\">\n\t\t\t<a href=\"https:\/\/silvia-bucher.ch\/index.php\/2023\/07\/12\/die-faszination-der-schwingungder-kristall-klangschalen-2-2\/\" >\n\t\t\t\tDie Faszination der Schwingung der <br>Kristall Klangschalen\t\t\t<\/a>\n\t\t<\/h3>\n\t\t\t\t\t<div class=\"elementor-post__read-more-wrapper\">\n\t\t\n\t\t<a class=\"elementor-post__read-more\" href=\"https:\/\/silvia-bucher.ch\/index.php\/2023\/07\/12\/die-faszination-der-schwingungder-kristall-klangschalen-2-2\/\" aria-label=\"Read more about Die Faszination der Schwingung der &lt;br&gt;Kristall Klangschalen\" tabindex=\"-1\" >\n\t\t\tLesen Sie mehr\t\t<\/a>\n\n\t\t\t\t\t<\/div>\n\t\t\t\t<\/div>\n\t\t\t\t\t<\/div>\n\t\t<\/article>\n\t\t\t\t<article class=\"elementor-post elementor-grid-item post-1302 post type-post status-publish format-standard hentry category-news\" role=\"listitem\">\n\t\t\t<div class=\"elementor-post__card\">\n\t\t\t\t<div class=\"elementor-post__text\">\n\t\t\t\t<h3 class=\"elementor-post__title\">\n\t\t\t<a href=\"https:\/\/silvia-bucher.ch\/index.php\/2023\/07\/12\/raus-aus-stillen-entzundungen-2\/\" >\n\t\t\t\tRaus aus<br\/> stillen Entz\u00fcndungen\t\t\t<\/a>\n\t\t<\/h3>\n\t\t\t\t\t<div class=\"elementor-post__read-more-wrapper\">\n\t\t\n\t\t<a class=\"elementor-post__read-more\" href=\"https:\/\/silvia-bucher.ch\/index.php\/2023\/07\/12\/raus-aus-stillen-entzundungen-2\/\" aria-label=\"Read more about Raus aus&lt;br\/&gt; stillen Entz\u00fcndungen\" tabindex=\"-1\" >\n\t\t\tLesen Sie mehr\t\t<\/a>\n\n\t\t\t\t\t<\/div>\n\t\t\t\t<\/div>\n\t\t\t\t\t<\/div>\n\t\t<\/article>\n\t\t\t\t<article class=\"elementor-post elementor-grid-item post-920 post type-post status-publish format-standard hentry category-news\" role=\"listitem\">\n\t\t\t<div class=\"elementor-post__card\">\n\t\t\t\t<div class=\"elementor-post__text\">\n\t\t\t\t<h3 class=\"elementor-post__title\">\n\t\t\t<a href=\"https:\/\/silvia-bucher.ch\/index.php\/2023\/02\/01\/die-faszination-der-schwingungder-kristall-klangschalen\/\" >\n\t\t\t\tDie Faszination der Schwingung der Kristall Klangschalen\t\t\t<\/a>\n\t\t<\/h3>\n\t\t\t\t\t<div class=\"elementor-post__read-more-wrapper\">\n\t\t\n\t\t<a class=\"elementor-post__read-more\" href=\"https:\/\/silvia-bucher.ch\/index.php\/2023\/02\/01\/die-faszination-der-schwingungder-kristall-klangschalen\/\" aria-label=\"Read more about Die Faszination der Schwingung der Kristall Klangschalen\" tabindex=\"-1\" >\n\t\t\tLesen Sie mehr\t\t<\/a>\n\n\t\t\t\t\t<\/div>\n\t\t\t\t<\/div>\n\t\t\t\t\t<\/div>\n\t\t<\/article>\n\t\t\t\t<article class=\"elementor-post elementor-grid-item post-931 post type-post status-publish format-standard hentry category-news\" role=\"listitem\">\n\t\t\t<div class=\"elementor-post__card\">\n\t\t\t\t<div class=\"elementor-post__text\">\n\t\t\t\t<h3 class=\"elementor-post__title\">\n\t\t\t<a href=\"https:\/\/silvia-bucher.ch\/index.php\/2022\/11\/23\/raus-aus-stillen-entzundungen\/\" >\n\t\t\t\tRaus aus stillen Entz\u00fcndungen\t\t\t<\/a>\n\t\t<\/h3>\n\t\t\t\t\t<div class=\"elementor-post__read-more-wrapper\">\n\t\t\n\t\t<a class=\"elementor-post__read-more\" href=\"https:\/\/silvia-bucher.ch\/index.php\/2022\/11\/23\/raus-aus-stillen-entzundungen\/\" aria-label=\"Read more about Raus aus stillen Entz\u00fcndungen\" tabindex=\"-1\" >\n\t\t\tLesen Sie mehr\t\t<\/a>\n\n\t\t\t\t\t<\/div>\n\t\t\t\t<\/div>\n\t\t\t\t\t<\/div>\n\t\t<\/article>\n\t\t\t\t<article class=\"elementor-post elementor-grid-item post-924 post type-post status-publish format-standard hentry category-news\" role=\"listitem\">\n\t\t\t<div class=\"elementor-post__card\">\n\t\t\t\t<div class=\"elementor-post__text\">\n\t\t\t\t<h3 class=\"elementor-post__title\">\n\t\t\t<a href=\"https:\/\/silvia-bucher.ch\/index.php\/2022\/09\/28\/die-faszination-der-schwingungder-kristall-klangschalen-2\/\" >\n\t\t\t\tDie Faszination der Schwingung der Kristall Klangschalen\t\t\t<\/a>\n\t\t<\/h3>\n\t\t\t\t\t<div class=\"elementor-post__read-more-wrapper\">\n\t\t\n\t\t<a class=\"elementor-post__read-more\" href=\"https:\/\/silvia-bucher.ch\/index.php\/2022\/09\/28\/die-faszination-der-schwingungder-kristall-klangschalen-2\/\" aria-label=\"Read more about Die Faszination der Schwingung der Kristall Klangschalen\" tabindex=\"-1\" >\n\t\t\tLesen Sie mehr\t\t<\/a>\n\n\t\t\t\t\t<\/div>\n\t\t\t\t<\/div>\n\t\t\t\t\t<\/div>\n\t\t<\/article>\n\t\t\t\t<article class=\"elementor-post elementor-grid-item post-617 post type-post status-publish format-standard hentry category-news\" role=\"listitem\">\n\t\t\t<div class=\"elementor-post__card\">\n\t\t\t\t<div class=\"elementor-post__text\">\n\t\t\t\t<h3 class=\"elementor-post__title\">\n\t\t\t<a href=\"https:\/\/silvia-bucher.ch\/index.php\/2018\/08\/13\/informations-kosmetik-fur-korper-geist-und-zelle-alles-ist-schwingung\/\" >\n\t\t\t\tInformations-Kosmetik f\u00fcr K\u00f6rper, Geist und Zelle \u2013Alles ist Schwingung\t\t\t<\/a>\n\t\t<\/h3>\n\t\t\t\t\t<div class=\"elementor-post__read-more-wrapper\">\n\t\t\n\t\t<a class=\"elementor-post__read-more\" href=\"https:\/\/silvia-bucher.ch\/index.php\/2018\/08\/13\/informations-kosmetik-fur-korper-geist-und-zelle-alles-ist-schwingung\/\" aria-label=\"Read more about Informations-Kosmetik f\u00fcr K\u00f6rper, Geist und Zelle \u2013Alles ist Schwingung\" tabindex=\"-1\" >\n\t\t\tLesen Sie mehr\t\t<\/a>\n\n\t\t\t\t\t<\/div>\n\t\t\t\t<\/div>\n\t\t\t\t\t<\/div>\n\t\t<\/article>\n\t\t\t\t<article class=\"elementor-post elementor-grid-item post-941 post type-post status-publish format-standard hentry category-news\" role=\"listitem\">\n\t\t\t<div class=\"elementor-post__card\">\n\t\t\t\t<div class=\"elementor-post__text\">\n\t\t\t\t<h3 class=\"elementor-post__title\">\n\t\t\t<a href=\"https:\/\/silvia-bucher.ch\/index.php\/2018\/06\/23\/workshop-heilsame-stimme\/\" >\n\t\t\t\tWorkshop &#8220;HEILSAME STIMME&#8221;\t\t\t<\/a>\n\t\t<\/h3>\n\t\t\t\t\t<div class=\"elementor-post__read-more-wrapper\">\n\t\t\n\t\t<a class=\"elementor-post__read-more\" href=\"https:\/\/silvia-bucher.ch\/index.php\/2018\/06\/23\/workshop-heilsame-stimme\/\" aria-label=\"Read more about Workshop &#8220;HEILSAME STIMME&#8221;\" tabindex=\"-1\" >\n\t\t\tLesen Sie mehr\t\t<\/a>\n\n\t\t\t\t\t<\/div>\n\t\t\t\t<\/div>\n\t\t\t\t\t<\/div>\n\t\t<\/article>\n\t\t\t\t<article class=\"elementor-post elementor-grid-item post-935 post type-post status-publish format-standard hentry category-news\" role=\"listitem\">\n\t\t\t<div class=\"elementor-post__card\">\n\t\t\t\t<div class=\"elementor-post__text\">\n\t\t\t\t<h3 class=\"elementor-post__title\">\n\t\t\t<a href=\"https:\/\/silvia-bucher.ch\/index.php\/2018\/06\/23\/wochenend-workshop-heilsame-stimme-am-23-24-juni-2018-in-winterthur-mit-armita-nikdin\/\" >\n\t\t\t\tWochenend-Workshop &#8220;Heilsame Stimme&#8221; am 23. \/ 24. Juni 2018 in Winterthur mit Armita Nikdin\t\t\t<\/a>\n\t\t<\/h3>\n\t\t\t\t\t<div class=\"elementor-post__read-more-wrapper\">\n\t\t\n\t\t<a class=\"elementor-post__read-more\" href=\"https:\/\/silvia-bucher.ch\/index.php\/2018\/06\/23\/wochenend-workshop-heilsame-stimme-am-23-24-juni-2018-in-winterthur-mit-armita-nikdin\/\" aria-label=\"Read more about Wochenend-Workshop &#8220;Heilsame Stimme&#8221; am 23. \/ 24. Juni 2018 in Winterthur mit Armita Nikdin\" tabindex=\"-1\" >\n\t\t\tLesen Sie mehr\t\t<\/a>\n\n\t\t\t\t\t<\/div>\n\t\t\t\t<\/div>\n\t\t\t\t\t<\/div>\n\t\t<\/article>\n\t\t\t\t<article class=\"elementor-post elementor-grid-item post-913 post type-post status-publish format-standard hentry category-news\" role=\"listitem\">\n\t\t\t<div class=\"elementor-post__card\">\n\t\t\t\t<div class=\"elementor-post__text\">\n\t\t\t\t<h3 class=\"elementor-post__title\">\n\t\t\t<a href=\"https:\/\/silvia-bucher.ch\/index.php\/2017\/09\/27\/vortrag\/\" >\n\t\t\t\tVORTRAG\u00a0\t\t\t<\/a>\n\t\t<\/h3>\n\t\t\t\t\t<div class=\"elementor-post__read-more-wrapper\">\n\t\t\n\t\t<a class=\"elementor-post__read-more\" href=\"https:\/\/silvia-bucher.ch\/index.php\/2017\/09\/27\/vortrag\/\" aria-label=\"Read more about VORTRAG\u00a0\" tabindex=\"-1\" >\n\t\t\tLesen Sie mehr\t\t<\/a>\n\n\t\t\t\t\t<\/div>\n\t\t\t\t<\/div>\n\t\t\t\t\t<\/div>\n\t\t<\/article>\n\t\t\t\t<article class=\"elementor-post elementor-grid-item post-615 post type-post status-publish format-standard hentry category-news\" role=\"listitem\">\n\t\t\t<div class=\"elementor-post__card\">\n\t\t\t\t<div class=\"elementor-post__text\">\n\t\t\t\t<h3 class=\"elementor-post__title\">\n\t\t\t<a href=\"https:\/\/silvia-bucher.ch\/index.php\/2017\/09\/27\/ein-tiefer-und-erholsamer-schlaf-was-fur-ein-privileg-am-27-september-2017\/\" >\n\t\t\t\t\u201cEin tiefer und erholsamer Schlaf \u00a0\u2013 was f\u00fcr ein Privileg\u201d am 27. September 2017\t\t\t<\/a>\n\t\t<\/h3>\n\t\t\t\t\t<div class=\"elementor-post__read-more-wrapper\">\n\t\t\n\t\t<a class=\"elementor-post__read-more\" href=\"https:\/\/silvia-bucher.ch\/index.php\/2017\/09\/27\/ein-tiefer-und-erholsamer-schlaf-was-fur-ein-privileg-am-27-september-2017\/\" aria-label=\"Read more about \u201cEin tiefer und erholsamer Schlaf \u00a0\u2013 was f\u00fcr ein Privileg\u201d am 27. September 2017\" tabindex=\"-1\" >\n\t\t\tLesen Sie mehr\t\t<\/a>\n\n\t\t\t\t\t<\/div>\n\t\t\t\t<\/div>\n\t\t\t\t\t<\/div>\n\t\t<\/article>\n\t\t\t\t<article class=\"elementor-post elementor-grid-item post-915 post type-post status-publish format-standard hentry category-news\" role=\"listitem\">\n\t\t\t<div class=\"elementor-post__card\">\n\t\t\t\t<div class=\"elementor-post__text\">\n\t\t\t\t<h3 class=\"elementor-post__title\">\n\t\t\t<a href=\"https:\/\/silvia-bucher.ch\/index.php\/2017\/09\/08\/vortrag-2\/\" >\n\t\t\t\tVORTRAG\u00a0\t\t\t<\/a>\n\t\t<\/h3>\n\t\t\t\t\t<div class=\"elementor-post__read-more-wrapper\">\n\t\t\n\t\t<a class=\"elementor-post__read-more\" href=\"https:\/\/silvia-bucher.ch\/index.php\/2017\/09\/08\/vortrag-2\/\" aria-label=\"Read more about VORTRAG\u00a0\" tabindex=\"-1\" >\n\t\t\tLesen Sie mehr\t\t<\/a>\n\n\t\t\t\t\t<\/div>\n\t\t\t\t<\/div>\n\t\t\t\t\t<\/div>\n\t\t<\/article>\n\t\t\t\t<article class=\"elementor-post elementor-grid-item post-604 post type-post status-publish format-standard hentry category-news\" role=\"listitem\">\n\t\t\t<div class=\"elementor-post__card\">\n\t\t\t\t<div class=\"elementor-post__text\">\n\t\t\t\t<h3 class=\"elementor-post__title\">\n\t\t\t<a href=\"https:\/\/silvia-bucher.ch\/index.php\/2016\/11\/23\/anmeldung-zum-webinar-stress-lessam-23-november-2016-20-uhr-bis-21-uhr\/\" >\n\t\t\t\tAnmeldung zum Webinar \u201cSTRESS-LESS\u201dam 23. November 2016 \u2013 20 Uhr bis 21 Uhr\t\t\t<\/a>\n\t\t<\/h3>\n\t\t\t\t\t<div class=\"elementor-post__read-more-wrapper\">\n\t\t\n\t\t<a class=\"elementor-post__read-more\" href=\"https:\/\/silvia-bucher.ch\/index.php\/2016\/11\/23\/anmeldung-zum-webinar-stress-lessam-23-november-2016-20-uhr-bis-21-uhr\/\" aria-label=\"Read more about Anmeldung zum Webinar \u201cSTRESS-LESS\u201dam 23. November 2016 \u2013 20 Uhr bis 21 Uhr\" tabindex=\"-1\" >\n\t\t\tLesen Sie mehr\t\t<\/a>\n\n\t\t\t\t\t<\/div>\n\t\t\t\t<\/div>\n\t\t\t\t\t<\/div>\n\t\t<\/article>\n\t\t\t\t<\/div>\n\t\t\t\t\t<span class=\"e-load-more-spinner\">\n\t\t\t\t<i aria-hidden=\"true\" class=\"fas fa-spinner\"><\/i>\t\t\t<\/span>\n\t\t\n\t\t\t\t\t\t<\/div>\n\t\t\t\t<\/div>\n\t\t\t\t\t<\/div>\n\t\t<\/div>\n\t\t\t\t\t<\/div>\n\t\t<\/section>\n\t\t\t\t<\/div>\n\t\t","protected":false},"excerpt":{"rendered":"<p>Home \/ News &amp; Events News &amp; Events News &amp; Events: Die neuesten Nachrichten Aktuelle Veranstaltungen und Neuigkeiten finden Sie<\/p>\n","protected":false},"author":1,"featured_media":0,"parent":0,"menu_order":0,"comment_status":"closed","ping_status":"closed","template":"elementor_header_footer","meta":{"footnotes":""},"class_list":["post-581","page","type-page","status-publish","hentry"],"_links":{"self":[{"href":"https:\/\/silvia-bucher.ch\/index.php\/wp-json\/wp\/v2\/pages\/581","targetHints":{"allow":["GET"]}}],"collection":[{"href":"https:\/\/silvia-bucher.ch\/index.php\/wp-json\/wp\/v2\/pages"}],"about":[{"href":"https:\/\/silvia-bucher.ch\/index.php\/wp-json\/wp\/v2\/types\/page"}],"author":[{"embeddable":true,"href":"https:\/\/silvia-bucher.ch\/index.php\/wp-json\/wp\/v2\/users\/1"}],"replies":[{"embeddable":true,"href":"https:\/\/silvia-bucher.ch\/index.php\/wp-json\/wp\/v2\/comments?post=581"}],"version-history":[{"count":11,"href":"https:\/\/silvia-bucher.ch\/index.php\/wp-json\/wp\/v2\/pages\/581\/revisions"}],"predecessor-version":[{"id":1586,"href":"https:\/\/silvia-bucher.ch\/index.php\/wp-json\/wp\/v2\/pages\/581\/revisions\/1586"}],"wp:attachment":[{"href":"https:\/\/silvia-bucher.ch\/index.php\/wp-json\/wp\/v2\/media?parent=581"}],"curies":[{"name":"wp","href":"https:\/\/api.w.org\/{rel}","templated":true}]}}